{"id":2238,"date":"2025-02-14T15:39:04","date_gmt":"2025-02-14T15:39:04","guid":{"rendered":"https:\/\/pilgerpro.com\/?post_type=product&#038;p=2238"},"modified":"2025-11-13T20:08:52","modified_gmt":"2025-11-13T20:08:52","slug":"buen-fin-vainilla-fresa-2","status":"publish","type":"product","link":"https:\/\/pilgerpro.com\/index.php\/producto\/buen-fin-vainilla-fresa-2\/","title":{"rendered":"BUEN FIN (2 x $2199)"},"content":{"rendered":"<p>\u00a1PROMOCI\u00d3N HOT SALE!<\/p>\n<p>2 botes de ZIEL 1050 gramos por $2,199.<br \/>\n\u00a160 Porciones en total!<\/p>\n<p>Al comprar esta promoci\u00f3n recibir\u00e1s una ZIEL sabor vainilla y una sabor fresa.<\/p>\n<p>(Si quieres otra combinaci\u00f3n de sabores b\u00fascala en nuestra tienda en l\u00ednea).<\/p>\n","protected":false},"excerpt":{"rendered":"<p>\u00a1PROMOCI\u00d3N HOT SALE!<\/p>\n<p>2 botes de ZIEL 1050 gramos por $2,199.<br \/>\n\u00a160 Porciones en total!<\/p>\n<p>Al comprar esta promoci\u00f3n recibir\u00e1s una ZIEL sabor vainilla y una sabor fresa.<\/p>\n<p>(Si quieres otra combinaci\u00f3n de sabores b\u00fascala en nuestra tienda en l\u00ednea).<\/p>\n","protected":false},"featured_media":2196,"template":"","meta":[],"product_brand":[],"product_cat":[19],"product_tag":[24,20,22],"class_list":{"0":"post-2238","1":"product","2":"type-product","3":"status-publish","4":"has-post-thumbnail","6":"product_cat-pilgerpro","7":"product_tag-fresa","8":"product_tag-pilgerpro","9":"product_tag-proteina","10":"product_shipping_class-envio_gratuito","12":"first","13":"instock","14":"sale","15":"shipping-taxable","16":"purchasable","17":"product-type-simple"},"_links":{"self":[{"href":"https:\/\/pilgerpro.com\/index.php\/wp-json\/wp\/v2\/product\/2238","targetHints":{"allow":["GET"]}}],"collection":[{"href":"https:\/\/pilgerpro.com\/index.php\/wp-json\/wp\/v2\/product"}],"about":[{"href":"https:\/\/pilgerpro.com\/index.php\/wp-json\/wp\/v2\/types\/product"}],"wp:featuredmedia":[{"embeddable":true,"href":"https:\/\/pilgerpro.com\/index.php\/wp-json\/wp\/v2\/media\/2196"}],"wp:attachment":[{"href":"https:\/\/pilgerpro.com\/index.php\/wp-json\/wp\/v2\/media?parent=2238"}],"wp:term":[{"taxonomy":"product_brand","embeddable":true,"href":"https:\/\/pilgerpro.com\/index.php\/wp-json\/wp\/v2\/product_brand?post=2238"},{"taxonomy":"product_cat","embeddable":true,"href":"https:\/\/pilgerpro.com\/index.php\/wp-json\/wp\/v2\/product_cat?post=2238"},{"taxonomy":"product_tag","embeddable":true,"href":"https:\/\/pilgerpro.com\/index.php\/wp-json\/wp\/v2\/product_tag?post=2238"}],"curies":[{"name":"wp","href":"https:\/\/api.w.org\/{rel}","templated":true}]}}