{"id":1832,"date":"2023-06-01T00:24:59","date_gmt":"2023-06-01T00:24:59","guid":{"rendered":"https:\/\/pilgerpro.com\/?post_type=product&#038;p=1832"},"modified":"2024-02-01T22:55:10","modified_gmt":"2024-02-01T22:55:10","slug":"shaker-edicion-limitada","status":"publish","type":"product","link":"https:\/\/pilgerpro.com\/index.php\/producto\/shaker-edicion-limitada\/","title":{"rendered":"Shaker Edici\u00f3n Limitada"},"content":{"rendered":"<p>Recibe este \u00fatil shaker por tiempo limitado en la compra de tu prote\u00edna, contamos con pocas unidades, aprovecha y disfruta de tu prote\u00edna bebi\u00e9ndola con estilo.<\/p>\n","protected":false},"excerpt":{"rendered":"<p>Shaker agitador de 500 ml,\u00a0con cierre herm\u00e9tico de rosca, perfecto para batidos de prote\u00edna.<\/p>\n","protected":false},"featured_media":2109,"template":"","meta":[],"product_brand":[],"product_cat":[31],"product_tag":[33,20,32],"class_list":{"0":"post-1832","1":"product","2":"type-product","3":"status-publish","4":"has-post-thumbnail","6":"product_cat-shaker","7":"product_tag-accesorio","8":"product_tag-pilgerpro","9":"product_tag-shaker","11":"first","12":"instock","13":"shipping-taxable","14":"purchasable","15":"product-type-simple"},"_links":{"self":[{"href":"https:\/\/pilgerpro.com\/index.php\/wp-json\/wp\/v2\/product\/1832","targetHints":{"allow":["GET"]}}],"collection":[{"href":"https:\/\/pilgerpro.com\/index.php\/wp-json\/wp\/v2\/product"}],"about":[{"href":"https:\/\/pilgerpro.com\/index.php\/wp-json\/wp\/v2\/types\/product"}],"wp:featuredmedia":[{"embeddable":true,"href":"https:\/\/pilgerpro.com\/index.php\/wp-json\/wp\/v2\/media\/2109"}],"wp:attachment":[{"href":"https:\/\/pilgerpro.com\/index.php\/wp-json\/wp\/v2\/media?parent=1832"}],"wp:term":[{"taxonomy":"product_brand","embeddable":true,"href":"https:\/\/pilgerpro.com\/index.php\/wp-json\/wp\/v2\/product_brand?post=1832"},{"taxonomy":"product_cat","embeddable":true,"href":"https:\/\/pilgerpro.com\/index.php\/wp-json\/wp\/v2\/product_cat?post=1832"},{"taxonomy":"product_tag","embeddable":true,"href":"https:\/\/pilgerpro.com\/index.php\/wp-json\/wp\/v2\/product_tag?post=1832"}],"curies":[{"name":"wp","href":"https:\/\/api.w.org\/{rel}","templated":true}]}}