{"id":475,"date":"2023-03-07T03:37:21","date_gmt":"2023-03-07T03:37:21","guid":{"rendered":"https:\/\/pilgerpro.com\/index.php\/carrito\/"},"modified":"2024-05-15T19:00:39","modified_gmt":"2024-05-15T19:00:39","slug":"carrito","status":"publish","type":"page","link":"https:\/\/pilgerpro.com\/index.php\/carrito\/","title":{"rendered":"Carrito"},"content":{"rendered":"\t\t<div data-elementor-type=\"wp-page\" data-elementor-id=\"475\" class=\"elementor elementor-475\">\n\t\t\t\t\t\t<section class=\"elementor-section elementor-top-section elementor-element elementor-element-76793d6d elementor-section-full_width elementor-section-height-min-height elementor-section-height-default elementor-section-items-middle\" data-id=\"76793d6d\" data-element_type=\"section\" data-settings=\"{&quot;background_background&quot;:&quot;classic&quot;}\">\n\t\t\t\t\t\t\t<div class=\"elementor-background-overlay\"><\/div>\n\t\t\t\t\t\t\t<div class=\"elementor-container elementor-column-gap-default\">\n\t\t\t\t\t<div class=\"elementor-column elementor-col-100 elementor-top-column elementor-element elementor-element-7428313a\" data-id=\"7428313a\" data-element_type=\"column\">\n\t\t\t<div class=\"elementor-widget-wrap\">\n\t\t\t\t\t\t\t<\/div>\n\t\t<\/div>\n\t\t\t\t\t<\/div>\n\t\t<\/section>\n\t\t\t\t<section class=\"elementor-section elementor-top-section elementor-element elementor-element-38c68d9 elementor-section-full_width elementor-section-height-default elementor-section-height-default\" data-id=\"38c68d9\" data-element_type=\"section\">\n\t\t\t\t\t\t<div class=\"elementor-container elementor-column-gap-default\">\n\t\t\t\t\t<div class=\"elementor-column elementor-col-100 elementor-top-column elementor-element elementor-element-b1ca5a2\" data-id=\"b1ca5a2\" data-element_type=\"column\">\n\t\t\t<div class=\"elementor-widget-wrap elementor-element-populated\">\n\t\t\t\t\t\t<section class=\"elementor-section elementor-inner-section elementor-element elementor-element-f07012e elementor-section-content-middle elementor-section-boxed elementor-section-height-default elementor-section-height-default\" data-id=\"f07012e\" data-element_type=\"section\">\n\t\t\t\t\t\t<div class=\"elementor-container elementor-column-gap-default\">\n\t\t\t\t\t<div class=\"elementor-column elementor-col-50 elementor-inner-column elementor-element elementor-element-b5d2dd5\" data-id=\"b5d2dd5\" data-element_type=\"column\">\n\t\t\t<div class=\"elementor-widget-wrap elementor-element-populated\">\n\t\t\t\t\t\t<div class=\"elementor-element elementor-element-f3d14cc elementor-widget elementor-widget-heading\" data-id=\"f3d14cc\" data-element_type=\"widget\" data-widget_type=\"heading.default\">\n\t\t\t\t<div class=\"elementor-widget-container\">\n\t\t\t\t\t<h2 class=\"elementor-heading-title elementor-size-default\">CARRITO<\/h2>\t\t\t\t<\/div>\n\t\t\t\t<\/div>\n\t\t\t\t\t<\/div>\n\t\t<\/div>\n\t\t\t\t<div class=\"elementor-column elementor-col-50 elementor-inner-column elementor-element elementor-element-0600033\" data-id=\"0600033\" data-element_type=\"column\">\n\t\t\t<div class=\"elementor-widget-wrap elementor-element-populated\">\n\t\t\t\t\t\t<div class=\"elementor-element elementor-element-5959b5e elementor-widget elementor-widget-image\" data-id=\"5959b5e\" data-element_type=\"widget\" data-widget_type=\"image.default\">\n\t\t\t\t<div class=\"elementor-widget-container\">\n\t\t\t\t\t\t\t\t\t\t\t\t\t\t\t<img fetchpriority=\"high\" decoding=\"async\" width=\"4104\" height=\"770\" src=\"https:\/\/pilgerpro.com\/wp-content\/uploads\/2023\/03\/pilgerpro.png\" class=\"attachment-full size-full wp-image-668\" alt=\"\" srcset=\"https:\/\/pilgerpro.com\/wp-content\/uploads\/2023\/03\/pilgerpro.png 4104w, https:\/\/pilgerpro.com\/wp-content\/uploads\/2023\/03\/pilgerpro-600x113.png 600w, https:\/\/pilgerpro.com\/wp-content\/uploads\/2023\/03\/pilgerpro-300x56.png 300w, https:\/\/pilgerpro.com\/wp-content\/uploads\/2023\/03\/pilgerpro-1024x192.png 1024w, https:\/\/pilgerpro.com\/wp-content\/uploads\/2023\/03\/pilgerpro-768x144.png 768w, https:\/\/pilgerpro.com\/wp-content\/uploads\/2023\/03\/pilgerpro-1536x288.png 1536w, https:\/\/pilgerpro.com\/wp-content\/uploads\/2023\/03\/pilgerpro-2048x384.png 2048w, https:\/\/pilgerpro.com\/wp-content\/uploads\/2023\/03\/pilgerpro-500x94.png 500w\" sizes=\"(max-width: 4104px) 100vw, 4104px\" \/>\t\t\t\t\t\t\t\t\t\t\t\t\t\t\t<\/div>\n\t\t\t\t<\/div>\n\t\t\t\t\t<\/div>\n\t\t<\/div>\n\t\t\t\t\t<\/div>\n\t\t<\/section>\n\t\t\t\t<section class=\"elementor-section elementor-inner-section elementor-element elementor-element-558b249 elementor-section-boxed elementor-section-height-default elementor-section-height-default\" data-id=\"558b249\" data-element_type=\"section\" data-settings=\"{&quot;background_background&quot;:&quot;classic&quot;}\">\n\t\t\t\t\t\t<div class=\"elementor-container elementor-column-gap-default\">\n\t\t\t\t\t<div class=\"elementor-column elementor-col-100 elementor-inner-column elementor-element elementor-element-8a44922\" data-id=\"8a44922\" data-element_type=\"column\">\n\t\t\t<div class=\"elementor-widget-wrap elementor-element-populated\">\n\t\t\t\t\t\t<div class=\"elementor-element elementor-element-bac2c0c elementor-widget elementor-widget-text-editor\" data-id=\"bac2c0c\" data-element_type=\"widget\" data-widget_type=\"text-editor.default\">\n\t\t\t\t<div class=\"elementor-widget-container\">\n\t\t\t\t\t\t\t\t\t<p>ENTRA A NUESTRA CUENTA DE <strong><span style=\"text-decoration: underline;\"><a href=\"https:\/\/www.instagram.com\/pilgerpro\/\">INSTAGRAM<\/a><\/span> <\/strong>Y CONSIGUE UN CUP\u00d3N DE DESCUENTO PARA TU COMPRA.<\/p>\t\t\t\t\t\t\t\t<\/div>\n\t\t\t\t<\/div>\n\t\t\t\t\t<\/div>\n\t\t<\/div>\n\t\t\t\t\t<\/div>\n\t\t<\/section>\n\t\t\t\t<section class=\"elementor-section elementor-inner-section elementor-element elementor-element-b30323d elementor-section-boxed elementor-section-height-default elementor-section-height-default\" data-id=\"b30323d\" data-element_type=\"section\" data-settings=\"{&quot;background_background&quot;:&quot;classic&quot;}\">\n\t\t\t\t\t\t<div class=\"elementor-container elementor-column-gap-default\">\n\t\t\t\t\t<div class=\"elementor-column elementor-col-100 elementor-inner-column elementor-element elementor-element-aa69154\" data-id=\"aa69154\" data-element_type=\"column\">\n\t\t\t<div class=\"elementor-widget-wrap elementor-element-populated\">\n\t\t\t\t\t\t<div class=\"elementor-element elementor-element-535ac26 elementor-widget elementor-widget-heading\" data-id=\"535ac26\" data-element_type=\"widget\" data-widget_type=\"heading.default\">\n\t\t\t\t<div class=\"elementor-widget-container\">\n\t\t\t\t\t<h2 class=\"elementor-heading-title elementor-size-default\">Recibe de 3 a 5 d\u00edas h\u00e1biles.<\/h2>\t\t\t\t<\/div>\n\t\t\t\t<\/div>\n\t\t\t\t\t<\/div>\n\t\t<\/div>\n\t\t\t\t\t<\/div>\n\t\t<\/section>\n\t\t\t\t\t<\/div>\n\t\t<\/div>\n\t\t\t\t\t<\/div>\n\t\t<\/section>\n\t\t\t\t<\/div>\n\t\t","protected":false},"excerpt":{"rendered":"<p>CARRITO ENTRA A NUESTRA CUENTA DE INSTAGRAM Y CONSIGUE UN CUP\u00d3N DE DESCUENTO PARA TU COMPRA. Recibe de 3 a 5 d\u00edas h\u00e1biles. Eliminar art\u00edculo Thumbnail image Producto Precio Cantidad Subtotal &times; ZIEL VAINILLA 1050 G &#36;1,799.00 ZIEL VAINILLA 1050 G cantidad &#36;1,799.00 &times; Shaker Edici\u00f3n Limitada Gratis! 1 Gratis! Actualizar Carrito Aplicar Cup\u00f3n Total [&hellip;]<\/p>\n","protected":false},"author":1,"featured_media":0,"parent":0,"menu_order":0,"comment_status":"closed","ping_status":"closed","template":"elementor_canvas","meta":{"footnotes":""},"class_list":["post-475","page","type-page","status-publish","hentry"],"_links":{"self":[{"href":"https:\/\/pilgerpro.com\/index.php\/wp-json\/wp\/v2\/pages\/475","targetHints":{"allow":["GET"]}}],"collection":[{"href":"https:\/\/pilgerpro.com\/index.php\/wp-json\/wp\/v2\/pages"}],"about":[{"href":"https:\/\/pilgerpro.com\/index.php\/wp-json\/wp\/v2\/types\/page"}],"author":[{"embeddable":true,"href":"https:\/\/pilgerpro.com\/index.php\/wp-json\/wp\/v2\/users\/1"}],"replies":[{"embeddable":true,"href":"https:\/\/pilgerpro.com\/index.php\/wp-json\/wp\/v2\/comments?post=475"}],"version-history":[{"count":123,"href":"https:\/\/pilgerpro.com\/index.php\/wp-json\/wp\/v2\/pages\/475\/revisions"}],"predecessor-version":[{"id":2229,"href":"https:\/\/pilgerpro.com\/index.php\/wp-json\/wp\/v2\/pages\/475\/revisions\/2229"}],"wp:attachment":[{"href":"https:\/\/pilgerpro.com\/index.php\/wp-json\/wp\/v2\/media?parent=475"}],"curies":[{"name":"wp","href":"https:\/\/api.w.org\/{rel}","templated":true}]}}